{"id":1919,"date":"2025-03-06T17:33:46","date_gmt":"2025-03-06T17:33:46","guid":{"rendered":"https:\/\/cedresstgermain.com\/?page_id=1919"},"modified":"2025-04-15T11:09:11","modified_gmt":"2025-04-15T16:09:11","slug":"accueil","status":"publish","type":"page","link":"https:\/\/cedresstgermain.com\/en\/","title":{"rendered":"Home"},"content":{"rendered":"<div data-elementor-type=\"wp-page\" data-elementor-id=\"1919\" class=\"elementor elementor-1919\">\n\t\t\t\t<div class=\"elementor-element elementor-element-4833e6d e-flex e-con-boxed e-con e-parent\" data-id=\"4833e6d\" data-element_type=\"container\" data-e-type=\"container\" data-settings=\"{&quot;background_background&quot;:&quot;classic&quot;}\">\n\t\t\t\t\t<div class=\"e-con-inner\">\n\t\t\t\t\t<\/div>\n\t\t\t\t<\/div>\n\t\t<div class=\"elementor-element elementor-element-fe94755 e-flex e-con-boxed e-con e-parent\" data-id=\"fe94755\" data-element_type=\"container\" data-e-type=\"container\">\n\t\t\t\t\t<div class=\"e-con-inner\">\n\t\t\t\t<div class=\"elementor-element elementor-element-3c05778 elementor-align-justify elementor-absolute elementor-widget__width-inherit elementor-widget elementor-widget-button\" data-id=\"3c05778\" data-element_type=\"widget\" data-e-type=\"widget\" data-settings=\"{&quot;_position&quot;:&quot;absolute&quot;}\" data-widget_type=\"button.default\">\n\t\t\t\t<div class=\"elementor-widget-container\">\n\t\t\t\t\t\t\t\t\t<div class=\"elementor-button-wrapper\">\n\t\t\t\t\t<a class=\"elementor-button elementor-button-link elementor-size-sm\" href=\"https:\/\/cedresstgermain.com\/en\/contactez-nous\/\">\n\t\t\t\t\t\t<span class=\"elementor-button-content-wrapper\">\n\t\t\t\t\t\t\t\t\t<span class=\"elementor-button-text\">Demandez votre soumission d\u00e8s maintenant!<\/span>\n\t\t\t\t\t<\/span>\n\t\t\t\t\t<\/a>\n\t\t\t\t<\/div>\n\t\t\t\t\t\t\t\t<\/div>\n\t\t\t\t<\/div>\n\t\t\t\t\t<\/div>\n\t\t\t\t<\/div>\n\t\t\t\t<\/div>","protected":false},"excerpt":{"rendered":"<p>Demandez votre soumission d\u00e8s maintenant!<\/p>","protected":false},"author":1,"featured_media":0,"parent":0,"menu_order":0,"comment_status":"closed","ping_status":"closed","template":"","meta":{"_uag_custom_page_level_css":"","site-sidebar-layout":"no-sidebar","site-content-layout":"page-builder","ast-site-content-layout":"full-width-container","site-content-style":"default","site-sidebar-style":"default","ast-global-header-display":"","ast-banner-title-visibility":"","ast-main-header-display":"","ast-hfb-above-header-display":"","ast-hfb-below-header-display":"","ast-hfb-mobile-header-display":"","site-post-title":"disabled","ast-breadcrumbs-content":"","ast-featured-img":"disabled","footer-sml-layout":"","ast-disable-related-posts":"","theme-transparent-header-meta":"disabled","adv-header-id-meta":"","stick-header-meta":"","header-above-stick-meta":"","header-main-stick-meta":"","header-below-stick-meta":"","astra-migrate-meta-layouts":"set","ast-page-background-enabled":"default","ast-page-background-meta":{"desktop":{"background-color":"","background-image":"","background-repeat":"repeat","background-position":"center center","background-size":"auto","background-attachment":"scroll","background-type":"","background-media":"","overlay-type":"","overlay-color":"","overlay-opacity":"","overlay-gradient":""},"tablet":{"background-color":"","background-image":"","background-repeat":"repeat","background-position":"center center","background-size":"auto","background-attachment":"scroll","background-type":"","background-media":"","overlay-type":"","overlay-color":"","overlay-opacity":"","overlay-gradient":""},"mobile":{"background-color":"","background-image":"","background-repeat":"repeat","background-position":"center center","background-size":"auto","background-attachment":"scroll","background-type":"","background-media":"","overlay-type":"","overlay-color":"","overlay-opacity":"","overlay-gradient":""}},"ast-content-background-meta":{"desktop":{"background-color":"var(--ast-global-color-5)","background-image":"","background-repeat":"repeat","background-position":"center center","background-size":"auto","background-attachment":"scroll","background-type":"","background-media":"","overlay-type":"","overlay-color":"","overlay-opacity":"","overlay-gradient":""},"tablet":{"background-color":"var(--ast-global-color-5)","background-image":"","background-repeat":"repeat","background-position":"center center","background-size":"auto","background-attachment":"scroll","background-type":"","background-media":"","overlay-type":"","overlay-color":"","overlay-opacity":"","overlay-gradient":""},"mobile":{"background-color":"var(--ast-global-color-5)","background-image":"","background-repeat":"repeat","background-position":"center center","background-size":"auto","background-attachment":"scroll","background-type":"","background-media":"","overlay-type":"","overlay-color":"","overlay-opacity":"","overlay-gradient":""}},"footnotes":""},"class_list":["post-1919","page","type-page","status-publish","hentry"],"yoast_head":"<!-- This site is optimized with the Yoast SEO plugin v24.6 - https:\/\/yoast.com\/wordpress\/plugins\/seo\/ -->\n<title>C\u00e8dres St-Germain | Installation de c\u00e8dres professionnel<\/title>\n<meta name=\"description\" content=\"C\u00e8dres St-Germain \u2013 Votre r\u00e9f\u00e9rence en installation de cedres qu\u00e9b\u00e9cois cl\u00e9 en main, avec une qualit\u00e9 sup\u00e9rieure et des prix imbattables!\" \/>\n<meta name=\"robots\" content=\"index, follow, max-snippet:-1, max-image-preview:large, max-video-preview:-1\" \/>\n<link rel=\"canonical\" href=\"https:\/\/cedresstgermain.com\/en\/\" \/>\n<meta property=\"og:locale\" content=\"en_US\" \/>\n<meta property=\"og:type\" content=\"article\" \/>\n<meta property=\"og:title\" content=\"C\u00e8dres St-Germain | Installation de c\u00e8dres professionnel\" \/>\n<meta property=\"og:description\" content=\"C\u00e8dres St-Germain \u2013 Votre r\u00e9f\u00e9rence en installation de cedres qu\u00e9b\u00e9cois cl\u00e9 en main, avec une qualit\u00e9 sup\u00e9rieure et des prix imbattables!\" \/>\n<meta property=\"og:url\" content=\"https:\/\/cedresstgermain.com\/en\/\" \/>\n<meta property=\"og:site_name\" content=\"cedresstgermain.com\" \/>\n<meta property=\"article:publisher\" content=\"https:\/\/www.facebook.com\/people\/Cdres-St-Germain\/100082336206869\/\" \/>\n<meta property=\"article:modified_time\" content=\"2025-04-15T16:09:11+00:00\" \/>\n<meta property=\"og:image\" content=\"https:\/\/cedresstgermain.com\/wp-content\/uploads\/2025\/03\/image-site-petit.webp\" \/>\n\t<meta property=\"og:image:width\" content=\"2016\" \/>\n\t<meta property=\"og:image:height\" content=\"1034\" \/>\n\t<meta property=\"og:image:type\" content=\"image\/webp\" \/>\n<meta name=\"twitter:card\" content=\"summary_large_image\" \/>\n<script type=\"application\/ld+json\" class=\"yoast-schema-graph\">{\"@context\":\"https:\/\/schema.org\",\"@graph\":[{\"@type\":\"WebPage\",\"@id\":\"https:\/\/cedresstgermain.com\/\",\"url\":\"https:\/\/cedresstgermain.com\/\",\"name\":\"C\u00e8dres St-Germain | Installation de c\u00e8dres professionnel\",\"isPartOf\":{\"@id\":\"https:\/\/cedresstgermain.com\/#website\"},\"datePublished\":\"2025-03-06T17:33:46+00:00\",\"dateModified\":\"2025-04-15T16:09:11+00:00\",\"description\":\"C\u00e8dres St-Germain \u2013 Votre r\u00e9f\u00e9rence en installation de cedres qu\u00e9b\u00e9cois cl\u00e9 en main, avec une qualit\u00e9 sup\u00e9rieure et des prix imbattables!\",\"breadcrumb\":{\"@id\":\"https:\/\/cedresstgermain.com\/#breadcrumb\"},\"inLanguage\":\"en-CA\",\"potentialAction\":[{\"@type\":\"ReadAction\",\"target\":[\"https:\/\/cedresstgermain.com\/\"]}]},{\"@type\":\"BreadcrumbList\",\"@id\":\"https:\/\/cedresstgermain.com\/#breadcrumb\",\"itemListElement\":[{\"@type\":\"ListItem\",\"position\":1,\"name\":\"Home\",\"item\":\"https:\/\/cedresstgermain.com\/\"},{\"@type\":\"ListItem\",\"position\":2,\"name\":\"Accueil\"}]},{\"@type\":\"WebSite\",\"@id\":\"https:\/\/cedresstgermain.com\/#website\",\"url\":\"https:\/\/cedresstgermain.com\/\",\"name\":\"cedresstgermain.com\",\"description\":\"C\u00e8dres St-Germain | Installation de c\u00e8dres professionnel\",\"publisher\":{\"@id\":\"https:\/\/cedresstgermain.com\/#organization\"},\"alternateName\":\"Cedres St-Germain\",\"potentialAction\":[{\"@type\":\"SearchAction\",\"target\":{\"@type\":\"EntryPoint\",\"urlTemplate\":\"https:\/\/cedresstgermain.com\/?s={search_term_string}\"},\"query-input\":{\"@type\":\"PropertyValueSpecification\",\"valueRequired\":true,\"valueName\":\"search_term_string\"}}],\"inLanguage\":\"en-CA\"},{\"@type\":\"Organization\",\"@id\":\"https:\/\/cedresstgermain.com\/#organization\",\"name\":\"C\u00e8dres St-Germain\",\"url\":\"https:\/\/cedresstgermain.com\/\",\"logo\":{\"@type\":\"ImageObject\",\"inLanguage\":\"en-CA\",\"@id\":\"https:\/\/cedresstgermain.com\/#\/schema\/logo\/image\/\",\"url\":\"https:\/\/cedresstgermain.com\/wp-content\/uploads\/2025\/03\/cropped-logo-final-2.png\",\"contentUrl\":\"https:\/\/cedresstgermain.com\/wp-content\/uploads\/2025\/03\/cropped-logo-final-2.png\",\"width\":1418,\"height\":300,\"caption\":\"C\u00e8dres St-Germain\"},\"image\":{\"@id\":\"https:\/\/cedresstgermain.com\/#\/schema\/logo\/image\/\"},\"sameAs\":[\"https:\/\/www.facebook.com\/people\/Cdres-St-Germain\/100082336206869\/\"]}]}<\/script>\n<!-- \/ Yoast SEO plugin. -->","yoast_head_json":{"title":"C\u00e8dres St-Germain | Installation de c\u00e8dres professionnel","description":"C\u00e8dres St-Germain \u2013 Votre r\u00e9f\u00e9rence en installation de cedres qu\u00e9b\u00e9cois cl\u00e9 en main, avec une qualit\u00e9 sup\u00e9rieure et des prix imbattables!","robots":{"index":"index","follow":"follow","max-snippet":"max-snippet:-1","max-image-preview":"max-image-preview:large","max-video-preview":"max-video-preview:-1"},"canonical":"https:\/\/cedresstgermain.com\/en\/","og_locale":"en_US","og_type":"article","og_title":"C\u00e8dres St-Germain | Installation de c\u00e8dres professionnel","og_description":"C\u00e8dres St-Germain \u2013 Votre r\u00e9f\u00e9rence en installation de cedres qu\u00e9b\u00e9cois cl\u00e9 en main, avec une qualit\u00e9 sup\u00e9rieure et des prix imbattables!","og_url":"https:\/\/cedresstgermain.com\/en\/","og_site_name":"cedresstgermain.com","article_publisher":"https:\/\/www.facebook.com\/people\/Cdres-St-Germain\/100082336206869\/","article_modified_time":"2025-04-15T16:09:11+00:00","og_image":[{"width":2016,"height":1034,"url":"https:\/\/cedresstgermain.com\/wp-content\/uploads\/2025\/03\/image-site-petit.webp","type":"image\/webp"}],"twitter_card":"summary_large_image","schema":{"@context":"https:\/\/schema.org","@graph":[{"@type":"WebPage","@id":"https:\/\/cedresstgermain.com\/","url":"https:\/\/cedresstgermain.com\/","name":"C\u00e8dres St-Germain | Installation de c\u00e8dres professionnel","isPartOf":{"@id":"https:\/\/cedresstgermain.com\/#website"},"datePublished":"2025-03-06T17:33:46+00:00","dateModified":"2025-04-15T16:09:11+00:00","description":"C\u00e8dres St-Germain \u2013 Votre r\u00e9f\u00e9rence en installation de cedres qu\u00e9b\u00e9cois cl\u00e9 en main, avec une qualit\u00e9 sup\u00e9rieure et des prix imbattables!","breadcrumb":{"@id":"https:\/\/cedresstgermain.com\/#breadcrumb"},"inLanguage":"en-CA","potentialAction":[{"@type":"ReadAction","target":["https:\/\/cedresstgermain.com\/"]}]},{"@type":"BreadcrumbList","@id":"https:\/\/cedresstgermain.com\/#breadcrumb","itemListElement":[{"@type":"ListItem","position":1,"name":"Home","item":"https:\/\/cedresstgermain.com\/"},{"@type":"ListItem","position":2,"name":"Accueil"}]},{"@type":"WebSite","@id":"https:\/\/cedresstgermain.com\/#website","url":"https:\/\/cedresstgermain.com\/","name":"cedresstgermain.com","description":"C\u00e8dres St-Germain | Installation de c\u00e8dres professionnel","publisher":{"@id":"https:\/\/cedresstgermain.com\/#organization"},"alternateName":"Cedres St-Germain","potentialAction":[{"@type":"SearchAction","target":{"@type":"EntryPoint","urlTemplate":"https:\/\/cedresstgermain.com\/?s={search_term_string}"},"query-input":{"@type":"PropertyValueSpecification","valueRequired":true,"valueName":"search_term_string"}}],"inLanguage":"en-CA"},{"@type":"Organization","@id":"https:\/\/cedresstgermain.com\/#organization","name":"C\u00e8dres St-Germain","url":"https:\/\/cedresstgermain.com\/","logo":{"@type":"ImageObject","inLanguage":"en-CA","@id":"https:\/\/cedresstgermain.com\/#\/schema\/logo\/image\/","url":"https:\/\/cedresstgermain.com\/wp-content\/uploads\/2025\/03\/cropped-logo-final-2.png","contentUrl":"https:\/\/cedresstgermain.com\/wp-content\/uploads\/2025\/03\/cropped-logo-final-2.png","width":1418,"height":300,"caption":"C\u00e8dres St-Germain"},"image":{"@id":"https:\/\/cedresstgermain.com\/#\/schema\/logo\/image\/"},"sameAs":["https:\/\/www.facebook.com\/people\/Cdres-St-Germain\/100082336206869\/"]}]}},"uagb_featured_image_src":{"full":false,"thumbnail":false,"medium":false,"medium_large":false,"large":false,"1536x1536":false,"2048x2048":false,"trp-custom-language-flag":false},"uagb_author_info":{"display_name":"cedresstgermain@gmail.com","author_link":"https:\/\/cedresstgermain.com\/en\/author\/cedresstgermaingmail-com\/"},"uagb_comment_info":0,"uagb_excerpt":"Demandez votre soumission d\u00e8s maintenant!","_links":{"self":[{"href":"https:\/\/cedresstgermain.com\/en\/wp-json\/wp\/v2\/pages\/1919","targetHints":{"allow":["GET"]}}],"collection":[{"href":"https:\/\/cedresstgermain.com\/en\/wp-json\/wp\/v2\/pages"}],"about":[{"href":"https:\/\/cedresstgermain.com\/en\/wp-json\/wp\/v2\/types\/page"}],"author":[{"embeddable":true,"href":"https:\/\/cedresstgermain.com\/en\/wp-json\/wp\/v2\/users\/1"}],"replies":[{"embeddable":true,"href":"https:\/\/cedresstgermain.com\/en\/wp-json\/wp\/v2\/comments?post=1919"}],"version-history":[{"count":140,"href":"https:\/\/cedresstgermain.com\/en\/wp-json\/wp\/v2\/pages\/1919\/revisions"}],"predecessor-version":[{"id":2154,"href":"https:\/\/cedresstgermain.com\/en\/wp-json\/wp\/v2\/pages\/1919\/revisions\/2154"}],"wp:attachment":[{"href":"https:\/\/cedresstgermain.com\/en\/wp-json\/wp\/v2\/media?parent=1919"}],"curies":[{"name":"wp","href":"https:\/\/api.w.org\/{rel}","templated":true}]}}