{"id":141,"date":"2025-03-02T19:05:15","date_gmt":"2025-03-02T19:05:15","guid":{"rendered":"http:\/\/cedresstgermain.com\/contact\/"},"modified":"2026-02-11T19:37:22","modified_gmt":"2026-02-12T00:37:22","slug":"contactez-nous","status":"publish","type":"page","link":"https:\/\/cedresstgermain.com\/en\/contactez-nous\/","title":{"rendered":"Contact Us"},"content":{"rendered":"<div class=\"wp-block-uagb-container uagb-block-bf596a9d alignfull uagb-is-root-container\"><div class=\"uagb-container-inner-blocks-wrap\">\n<div class=\"wp-block-uagb-container uagb-block-8135cd0c\">\n<div class=\"wp-block-uagb-icon-list uagb-block-52c15154\"><div class=\"uagb-icon-list__wrap\">\n<div class=\"wp-block-uagb-icon-list-child uagb-block-ab224c9d\"><span class=\"uagb-icon-list__source-wrap\"><svg xmlns=\"https:\/\/www.w3.org\/2000\/svg\" viewbox=\"0 0 384 512\"><path d=\"M168.3 499.2C116.1 435 0 279.4 0 192C0 85.96 85.96 0 192 0C298 0 384 85.96 384 192C384 279.4 267 435 215.7 499.2C203.4 514.5 180.6 514.5 168.3 499.2H168.3zM192 256C227.3 256 256 227.3 256 192C256 156.7 227.3 128 192 128C156.7 128 128 156.7 128 192C128 227.3 156.7 256 192 256z\"><\/path><\/svg><\/span><span class=\"uagb-icon-list__label\">Saint-Eustache, QC<\/span><\/div>\n\n\n\n<div class=\"wp-block-uagb-icon-list-child uagb-block-a93271a0\"><span class=\"uagb-icon-list__source-wrap\"><svg xmlns=\"https:\/\/www.w3.org\/2000\/svg\" viewbox=\"0 0 512 512\"><path d=\"M511.2 387l-23.25 100.8c-3.266 14.25-15.79 24.22-30.46 24.22C205.2 512 0 306.8 0 54.5c0-14.66 9.969-27.2 24.22-30.45l100.8-23.25C139.7-2.602 154.7 5.018 160.8 18.92l46.52 108.5c5.438 12.78 1.77 27.67-8.98 36.45L144.5 207.1c33.98 69.22 90.26 125.5 159.5 159.5l44.08-53.8c8.688-10.78 23.69-14.51 36.47-8.975l108.5 46.51C506.1 357.2 514.6 372.4 511.2 387z\"><\/path><\/svg><\/span><span class=\"uagb-icon-list__label\">+1 438 393 5460<\/span><\/div>\n\n\n\n<div class=\"wp-block-uagb-icon-list-child uagb-block-2e52d16c\"><span class=\"uagb-icon-list__source-wrap\"><svg xmlns=\"https:\/\/www.w3.org\/2000\/svg\" viewbox=\"0 0 576 512\"><path d=\"M512 32H64C28.65 32 0 60.65 0 96v320c0 35.35 28.65 64 64 64h448c35.35 0 64-28.65 64-64V96C576 60.65 547.3 32 512 32zM176 128c35.35 0 64 28.65 64 64s-28.65 64-64 64s-64-28.65-64-64S140.7 128 176 128zM272 384h-192C71.16 384 64 376.8 64 368C64 323.8 99.82 288 144 288h64c44.18 0 80 35.82 80 80C288 376.8 280.8 384 272 384zM496 320h-128C359.2 320 352 312.8 352 304S359.2 288 368 288h128C504.8 288 512 295.2 512 304S504.8 320 496 320zM496 256h-128C359.2 256 352 248.8 352 240S359.2 224 368 224h128C504.8 224 512 231.2 512 240S504.8 256 496 256zM496 192h-128C359.2 192 352 184.8 352 176S359.2 160 368 160h128C504.8 160 512 167.2 512 176S504.8 192 496 192z\"><\/path><\/svg><\/span><span class=\"uagb-icon-list__label\">cedresstgermain@gmail.com<\/span><\/div>\n<\/div><\/div>\n\n\n\n<div class=\"wp-block-uagb-advanced-heading uagb-block-0983d797\"><h4 class=\"uagb-heading-text\"><br><br>Free submission, including for projects that require specific work such as tree\/bush cutting, uprooting, moving rocks, or other tasks.<br><br>Contact us!<br><br><br><br><\/h4><\/div>\n<\/div>\n\n\n\n<div class=\"wp-block-uagb-container uagb-block-cc11407c\">\n<div class=\"wp-block-uagb-advanced-heading uagb-block-68cdcc1e\"><h3 class=\"uagb-heading-text\">FREE Estimate!<\/h3><\/div>\n\n\n\n<div class=\"wp-block-uagb-forms uagb-forms__outer-wrap uagb-block-165498b2 uagb-forms__default-btn\"><form class=\"uagb-forms-main-form\" method=\"post\" autocomplete=\"on\" name=\"uagb-form-165498b2\" action=\"\">\n<div class=\"wp-block-uagb-forms-name uagb-forms-name-wrap uagb-forms-field-set uagb-block-209ba4f7 uag-col-2\"><div class=\"uagb-forms-name-label  uagb-forms-input-label\" id=\"209ba4f7\">First Name<\/div><input type=\"text\" placeholder=\"Name\" class=\"uagb-forms-name-input uagb-forms-input\" name=\"209ba4f7\" autocomplete=\"given-name\"\/><\/div>\n\n\n\n<div class=\"wp-block-uagb-forms-name uagb-forms-name-wrap uagb-forms-field-set uagb-block-63d24976 uag-col-2\"><div class=\"uagb-forms-name-label  uagb-forms-input-label\" id=\"63d24976\">Last Name<\/div><input type=\"text\" placeholder=\"Address\" class=\"uagb-forms-name-input uagb-forms-input\" name=\"63d24976\" autocomplete=\"family-name\"\/><\/div>\n\n\n\n<div class=\"wp-block-uagb-forms-email uagb-forms-email-wrap uagb-forms-field-set uagb-block-0b416125\"><div class=\"uagb-forms-email-label  uagb-forms-input-label\" id=\"0b416125\">Email<\/div><input type=\"email\" class=\"uagb-forms-email-input uagb-forms-input\" placeholder=\"Email\" name=\"0b416125\" autocomplete=\"email\"\/><\/div>\n\n\n\n<div class=\"wp-block-uagb-forms-name uagb-forms-name-wrap uagb-forms-field-set uagb-block-b640c14d\"><div class=\"uagb-forms-name-label  uagb-forms-input-label\" id=\"b640c14d\">Name<\/div><input type=\"text\" placeholder=\"Phone number\" class=\"uagb-forms-name-input uagb-forms-input\" name=\"b640c14d\" autocomplete=\"name\"\/><\/div>\n\n\n\n<div class=\"wp-block-uagb-forms-textarea uagb-forms-textarea-wrap uagb-forms-field-set uagb-block-ef4f10d9\"><div class=\"uagb-forms-textarea-label required uagb-forms-input-label\" id=\"ef4f10d9\">Message<\/div><textarea required class=\"uagb-forms-textarea-input uagb-forms-input\" rows=\"4\" placeholder=\"Please provide detailed information about the project: type of cedars, linear footage, trees to be cut, rocks to be moved, etc.\" name=\"ef4f10d9\" autocomplete=\"off\"><\/textarea><\/div>\n<div class=\"uagb-forms-form-hidden-data\"><input type=\"hidden\" class=\"uagb_forms_form_label\" value=\"Formulaire\"\/><input type=\"hidden\" class=\"uagb_forms_form_id\" value=\"uagb-form-165498b2\"\/><\/div><div class=\"uagb-form-reacaptcha-error-165498b2\"><\/div><div class=\"uagb-forms-main-submit-button-wrap wp-block-button\"><button class=\"uagb-forms-main-submit-button wp-block-button__link\"><div class=\"uagb-forms-main-submit-button-text\">Send<\/div><\/button><\/div><input type=\"hidden\" name=\"trp-form-language\" value=\"en\"\/><\/form><div class=\"uagb-forms-success-message-165498b2 uagb-forms-submit-message-hide\"><span>Your message has been sent, and we will get back to you as soon as possible!<\/span><\/div><div class=\"uagb-forms-failed-message-165498b2 uagb-forms-submit-message-hide\"><span>Please fill in all the fields.<\/span><\/div><\/div>\n<\/div>\n<\/div><\/div>\n\n\n\n<div class=\"wp-block-uagb-container uagb-block-52cc8b92 alignfull uagb-is-root-container\"><\/div>\n\n\n<div id=\"wpgmza_map\" class=\"wpgmza_map\" data-settings='{\"id\":\"1\",\"map_title\":\"C\\u00e8dres\",\"map_width\":\"100\",\"map_height\":\"400\",\"map_start_lat\":\"45.56553539905107\",\"map_start_lng\":\"-73.92470515095093\",\"map_start_location\":\"45.950464398418106,-109.81550500000003\",\"map_start_zoom\":\"8\",\"default_marker\":\"\",\"type\":\"1\",\"alignment\":\"4\",\"directions_enabled\":\"0\",\"styling_enabled\":\"0\",\"styling_json\":\"\",\"active\":\"0\",\"kml\":\"\",\"bicycle\":\"0\",\"traffic\":\"0\",\"dbox\":\"0\",\"dbox_width\":\"\",\"listmarkers\":\"0\",\"listmarkers_advanced\":\"0\",\"filterbycat\":\"0\",\"ugm_enabled\":\"0\",\"ugm_category_enabled\":\"0\",\"fusion\":\"\",\"map_width_type\":\"%\",\"map_height_type\":\"px\",\"mass_marker_support\":\"0\",\"ugm_access\":\"0\",\"order_markers_by\":\"0\",\"order_markers_choice\":\"0\",\"show_user_location\":\"0\",\"default_to\":\"\",\"other_settings\":{\"map_type\":1,\"sl_stroke_color\":\"\",\"sl_fill_color\":\"\",\"sl_stroke_opacity\":\"\",\"sl_fill_opacity\":\"\",\"transport_layer\":false,\"action\":\"wpgmza_save_map\",\"redirect_to\":\"\\\/wp-admin\\\/admin-post.php\",\"map_id\":\"1\",\"http_referer\":\"\\\/wp-admin\\\/admin.php?page=wp-google-maps-menu&amp;amp;action=edit&amp;amp;map_id=1\",\"wpgmza_id\":\"1\",\"wpgmza_start_location\":\"45.56553539905107,-73.92470515095093\",\"wpgmza_start_zoom\":\"8\",\"wpgmza_theme_data\":\"\",\"store_locator_enabled\":false,\"store_locator_search_area\":\"radial\",\"wpgmza_store_locator_radius_style\":\"legacy\",\"wpgmza_store_locator_default_radius\":\"10\",\"store_locator_auto_area_max_zoom\":\"\",\"store_locator_distance\":false,\"wpgmza_store_locator_position\":false,\"store_locator_show_distance\":false,\"store_locator_category\":false,\"wpgmza_store_locator_use_their_location\":false,\"wpgmza_store_locator_bounce\":false,\"wpgmza_sl_animation\":null,\"wpgmza_store_locator_hide_before_search\":false,\"store_locator_query_string\":\"\",\"store_locator_location_placeholder\":\"\",\"store_locator_default_address\":\"\",\"store_locator_name_search\":false,\"store_locator_name_string\":\"\",\"store_locator_not_found_message\":\"\",\"wpgmza_map_align\":\"1\",\"jump_to_nearest_marker_on_initialization\":false,\"automatically_pan_to_users_location\":false,\"override_users_location_zoom_level\":false,\"override_users_location_zoom_levels\":\"\",\"show_distance_from_location\":false,\"map_max_zoom\":\"21\",\"map_min_zoom\":\"0\",\"click_open_link\":false,\"fit_maps_bounds_to_markers\":false,\"fit_maps_bounds_to_markers_after_filtering\":false,\"hide_point_of_interest\":false,\"wpgmza_zoom_on_marker_click\":false,\"wpgmza_zoom_on_marker_click_slider\":\"\",\"close_infowindow_on_map_click\":false,\"disable_lightbox_images\":false,\"use_Raw_Jpeg_Coordinates\":false,\"polygon_labels\":false,\"disable_polygon_info_windows\":false,\"enable_marker_ratings\":false,\"enable_marker_labels\":false,\"only_load_markers_within_viewport\":false,\"zoom_level_mobile_override_enabled\":false,\"zoom_level_mobile_override\":\"\",\"iw_primary_color\":\"#000000\",\"iw_accent_color\":\"#000000\",\"iw_text_color\":\"#000000\",\"wpgmza_listmarkers_by\":\"0\",\"wpgmza_marker_listing_position\":false,\"wpgmza_push_in_map\":false,\"wpgmza_push_in_map_placement\":null,\"wpgmza_push_in_map_width\":\"\",\"wpgmza_push_in_map_height\":\"\",\"zoom_level_on_marker_listing_override\":false,\"zoom_level_on_marker_listing_click\":\"\",\"marker_listing_disable_zoom\":false,\"datatable_no_result_message\":\"\",\"remove_search_box_datables\":false,\"dataTable_pagination_style\":null,\"datatable_search_string\":\"\",\"datatable_result_start\":\"\",\"datatable_result_of\":\"\",\"datatable_result_to\":\"\",\"datatable_result_total\":\"\",\"datatable_result_show\":\"\",\"datatable_result_entries\":\"\",\"wpgmza_savemap\":\"Save Map \\u00bb\"}}' data-map-id='1' data-maps-engine='open-layers' data-shortcode-attributes='{\"id\":\"1\"}' style=\"display:block; overflow:auto; width:100%; height:400px; float:left;\"><\/div>\n\n\n\n<p><\/p>","protected":false},"excerpt":{"rendered":"<p>Soumission GRATUITE, incluant pour les projets qui requiert des travaux sp\u00e9cifiques tel que la coupe d&rsquo;arbres\/d&rsquo;arbustes, le d\u00e9racinement, le d\u00e9placement de roches ou autre Contactez-nous! Soumission GRATUITE!<\/p>","protected":false},"author":1,"featured_media":0,"parent":0,"menu_order":0,"comment_status":"closed","ping_status":"closed","template":"","meta":{"_uag_custom_page_level_css":"","site-sidebar-layout":"no-sidebar","site-content-layout":"page-builder","ast-site-content-layout":"full-width-container","site-content-style":"unboxed","site-sidebar-style":"unboxed","ast-global-header-display":"","ast-banner-title-visibility":"","ast-main-header-display":"","ast-hfb-above-header-display":"","ast-hfb-below-header-display":"","ast-hfb-mobile-header-display":"","site-post-title":"disabled","ast-breadcrumbs-content":"","ast-featured-img":"disabled","footer-sml-layout":"","ast-disable-related-posts":"","theme-transparent-header-meta":"disabled","adv-header-id-meta":"","stick-header-meta":"","header-above-stick-meta":"","header-main-stick-meta":"","header-below-stick-meta":"","astra-migrate-meta-layouts":"set","ast-page-background-enabled":"default","ast-page-background-meta":{"desktop":{"background-color":"","background-image":"","background-repeat":"repeat","background-position":"center center","background-size":"auto","background-attachment":"scroll","background-type":"","background-media":"","overlay-type":"","overlay-color":"","overlay-opacity":"","overlay-gradient":""},"tablet":{"background-color":"","background-image":"","background-repeat":"repeat","background-position":"center center","background-size":"auto","background-attachment":"scroll","background-type":"","background-media":"","overlay-type":"","overlay-color":"","overlay-opacity":"","overlay-gradient":""},"mobile":{"background-color":"","background-image":"","background-repeat":"repeat","background-position":"center center","background-size":"auto","background-attachment":"scroll","background-type":"","background-media":"","overlay-type":"","overlay-color":"","overlay-opacity":"","overlay-gradient":""}},"ast-content-background-meta":{"desktop":{"background-color":"var(--ast-global-color-5)","background-image":"","background-repeat":"repeat","background-position":"center center","background-size":"auto","background-attachment":"scroll","background-type":"","background-media":"","overlay-type":"","overlay-color":"","overlay-opacity":"","overlay-gradient":""},"tablet":{"background-color":"var(--ast-global-color-5)","background-image":"","background-repeat":"repeat","background-position":"center center","background-size":"auto","background-attachment":"scroll","background-type":"","background-media":"","overlay-type":"","overlay-color":"","overlay-opacity":"","overlay-gradient":""},"mobile":{"background-color":"var(--ast-global-color-5)","background-image":"","background-repeat":"repeat","background-position":"center center","background-size":"auto","background-attachment":"scroll","background-type":"","background-media":"","overlay-type":"","overlay-color":"","overlay-opacity":"","overlay-gradient":""}},"footnotes":""},"class_list":["post-141","page","type-page","status-publish","hentry"],"yoast_head":"<!-- This site is optimized with the Yoast SEO plugin v24.6 - https:\/\/yoast.com\/wordpress\/plugins\/seo\/ -->\n<title>Contactez-nous | cedresstgermain.com<\/title>\n<meta name=\"description\" content=\"C\u00e8dres St-Germain - Votre expert en installation de c\u00e8dres cl\u00e9 en main au meilleur prix!\" \/>\n<meta name=\"robots\" content=\"index, follow, max-snippet:-1, max-image-preview:large, max-video-preview:-1\" \/>\n<link rel=\"canonical\" href=\"https:\/\/cedresstgermain.com\/en\/contactez-nous\/\" \/>\n<meta property=\"og:locale\" content=\"en_US\" \/>\n<meta property=\"og:type\" content=\"article\" \/>\n<meta property=\"og:title\" content=\"Contactez-nous | cedresstgermain.com\" \/>\n<meta property=\"og:description\" content=\"C\u00e8dres St-Germain - Votre expert en installation de c\u00e8dres cl\u00e9 en main au meilleur prix!\" \/>\n<meta property=\"og:url\" content=\"https:\/\/cedresstgermain.com\/en\/contactez-nous\/\" \/>\n<meta property=\"og:site_name\" content=\"cedresstgermain.com\" \/>\n<meta property=\"article:publisher\" content=\"https:\/\/www.facebook.com\/people\/Cdres-St-Germain\/100082336206869\/\" \/>\n<meta property=\"article:modified_time\" content=\"2026-02-12T00:37:22+00:00\" \/>\n<meta property=\"og:image\" content=\"https:\/\/cedresstgermain.com\/wp-content\/uploads\/2025\/03\/image-site-petit.webp\" \/>\n\t<meta property=\"og:image:width\" content=\"2016\" \/>\n\t<meta property=\"og:image:height\" content=\"1034\" \/>\n\t<meta property=\"og:image:type\" content=\"image\/webp\" \/>\n<meta name=\"twitter:card\" content=\"summary_large_image\" \/>\n<script type=\"application\/ld+json\" class=\"yoast-schema-graph\">{\"@context\":\"https:\/\/schema.org\",\"@graph\":[{\"@type\":\"WebPage\",\"@id\":\"https:\/\/cedresstgermain.com\/contactez-nous\/\",\"url\":\"https:\/\/cedresstgermain.com\/contactez-nous\/\",\"name\":\"Contactez-nous | cedresstgermain.com\",\"isPartOf\":{\"@id\":\"https:\/\/cedresstgermain.com\/#website\"},\"datePublished\":\"2025-03-02T19:05:15+00:00\",\"dateModified\":\"2026-02-12T00:37:22+00:00\",\"description\":\"C\u00e8dres St-Germain - Votre expert en installation de c\u00e8dres cl\u00e9 en main au meilleur prix!\",\"breadcrumb\":{\"@id\":\"https:\/\/cedresstgermain.com\/contactez-nous\/#breadcrumb\"},\"inLanguage\":\"en-CA\",\"potentialAction\":[{\"@type\":\"ReadAction\",\"target\":[\"https:\/\/cedresstgermain.com\/contactez-nous\/\"]}]},{\"@type\":\"BreadcrumbList\",\"@id\":\"https:\/\/cedresstgermain.com\/contactez-nous\/#breadcrumb\",\"itemListElement\":[{\"@type\":\"ListItem\",\"position\":1,\"name\":\"Home\",\"item\":\"https:\/\/cedresstgermain.com\/\"},{\"@type\":\"ListItem\",\"position\":2,\"name\":\"Contactez-nous\"}]},{\"@type\":\"WebSite\",\"@id\":\"https:\/\/cedresstgermain.com\/#website\",\"url\":\"https:\/\/cedresstgermain.com\/\",\"name\":\"cedresstgermain.com\",\"description\":\"C\u00e8dres St-Germain | Installation de c\u00e8dres professionnel\",\"publisher\":{\"@id\":\"https:\/\/cedresstgermain.com\/#organization\"},\"alternateName\":\"Cedres St-Germain\",\"potentialAction\":[{\"@type\":\"SearchAction\",\"target\":{\"@type\":\"EntryPoint\",\"urlTemplate\":\"https:\/\/cedresstgermain.com\/?s={search_term_string}\"},\"query-input\":{\"@type\":\"PropertyValueSpecification\",\"valueRequired\":true,\"valueName\":\"search_term_string\"}}],\"inLanguage\":\"en-CA\"},{\"@type\":\"Organization\",\"@id\":\"https:\/\/cedresstgermain.com\/#organization\",\"name\":\"C\u00e8dres St-Germain\",\"url\":\"https:\/\/cedresstgermain.com\/\",\"logo\":{\"@type\":\"ImageObject\",\"inLanguage\":\"en-CA\",\"@id\":\"https:\/\/cedresstgermain.com\/#\/schema\/logo\/image\/\",\"url\":\"https:\/\/cedresstgermain.com\/wp-content\/uploads\/2025\/03\/cropped-logo-final-2.png\",\"contentUrl\":\"https:\/\/cedresstgermain.com\/wp-content\/uploads\/2025\/03\/cropped-logo-final-2.png\",\"width\":1418,\"height\":300,\"caption\":\"C\u00e8dres St-Germain\"},\"image\":{\"@id\":\"https:\/\/cedresstgermain.com\/#\/schema\/logo\/image\/\"},\"sameAs\":[\"https:\/\/www.facebook.com\/people\/Cdres-St-Germain\/100082336206869\/\"]}]}<\/script>\n<!-- \/ Yoast SEO plugin. -->","yoast_head_json":{"title":"Contactez-nous | cedresstgermain.com","description":"C\u00e8dres St-Germain - Votre expert en installation de c\u00e8dres cl\u00e9 en main au meilleur prix!","robots":{"index":"index","follow":"follow","max-snippet":"max-snippet:-1","max-image-preview":"max-image-preview:large","max-video-preview":"max-video-preview:-1"},"canonical":"https:\/\/cedresstgermain.com\/en\/contactez-nous\/","og_locale":"en_US","og_type":"article","og_title":"Contactez-nous | cedresstgermain.com","og_description":"C\u00e8dres St-Germain - Votre expert en installation de c\u00e8dres cl\u00e9 en main au meilleur prix!","og_url":"https:\/\/cedresstgermain.com\/en\/contactez-nous\/","og_site_name":"cedresstgermain.com","article_publisher":"https:\/\/www.facebook.com\/people\/Cdres-St-Germain\/100082336206869\/","article_modified_time":"2026-02-12T00:37:22+00:00","og_image":[{"width":2016,"height":1034,"url":"https:\/\/cedresstgermain.com\/wp-content\/uploads\/2025\/03\/image-site-petit.webp","type":"image\/webp"}],"twitter_card":"summary_large_image","schema":{"@context":"https:\/\/schema.org","@graph":[{"@type":"WebPage","@id":"https:\/\/cedresstgermain.com\/contactez-nous\/","url":"https:\/\/cedresstgermain.com\/contactez-nous\/","name":"Contactez-nous | cedresstgermain.com","isPartOf":{"@id":"https:\/\/cedresstgermain.com\/#website"},"datePublished":"2025-03-02T19:05:15+00:00","dateModified":"2026-02-12T00:37:22+00:00","description":"C\u00e8dres St-Germain - Votre expert en installation de c\u00e8dres cl\u00e9 en main au meilleur prix!","breadcrumb":{"@id":"https:\/\/cedresstgermain.com\/contactez-nous\/#breadcrumb"},"inLanguage":"en-CA","potentialAction":[{"@type":"ReadAction","target":["https:\/\/cedresstgermain.com\/contactez-nous\/"]}]},{"@type":"BreadcrumbList","@id":"https:\/\/cedresstgermain.com\/contactez-nous\/#breadcrumb","itemListElement":[{"@type":"ListItem","position":1,"name":"Home","item":"https:\/\/cedresstgermain.com\/"},{"@type":"ListItem","position":2,"name":"Contactez-nous"}]},{"@type":"WebSite","@id":"https:\/\/cedresstgermain.com\/#website","url":"https:\/\/cedresstgermain.com\/","name":"cedresstgermain.com","description":"C\u00e8dres St-Germain | Installation de c\u00e8dres professionnel","publisher":{"@id":"https:\/\/cedresstgermain.com\/#organization"},"alternateName":"Cedres St-Germain","potentialAction":[{"@type":"SearchAction","target":{"@type":"EntryPoint","urlTemplate":"https:\/\/cedresstgermain.com\/?s={search_term_string}"},"query-input":{"@type":"PropertyValueSpecification","valueRequired":true,"valueName":"search_term_string"}}],"inLanguage":"en-CA"},{"@type":"Organization","@id":"https:\/\/cedresstgermain.com\/#organization","name":"C\u00e8dres St-Germain","url":"https:\/\/cedresstgermain.com\/","logo":{"@type":"ImageObject","inLanguage":"en-CA","@id":"https:\/\/cedresstgermain.com\/#\/schema\/logo\/image\/","url":"https:\/\/cedresstgermain.com\/wp-content\/uploads\/2025\/03\/cropped-logo-final-2.png","contentUrl":"https:\/\/cedresstgermain.com\/wp-content\/uploads\/2025\/03\/cropped-logo-final-2.png","width":1418,"height":300,"caption":"C\u00e8dres St-Germain"},"image":{"@id":"https:\/\/cedresstgermain.com\/#\/schema\/logo\/image\/"},"sameAs":["https:\/\/www.facebook.com\/people\/Cdres-St-Germain\/100082336206869\/"]}]}},"uagb_featured_image_src":{"full":false,"thumbnail":false,"medium":false,"medium_large":false,"large":false,"1536x1536":false,"2048x2048":false,"trp-custom-language-flag":false},"uagb_author_info":{"display_name":"cedresstgermain@gmail.com","author_link":"https:\/\/cedresstgermain.com\/en\/author\/cedresstgermaingmail-com\/"},"uagb_comment_info":0,"uagb_excerpt":"Soumission GRATUITE, incluant pour les projets qui requiert des travaux sp\u00e9cifiques tel que la coupe d&rsquo;arbres\/d&rsquo;arbustes, le d\u00e9racinement, le d\u00e9placement de roches ou autre Contactez-nous! Soumission GRATUITE!","_links":{"self":[{"href":"https:\/\/cedresstgermain.com\/en\/wp-json\/wp\/v2\/pages\/141","targetHints":{"allow":["GET"]}}],"collection":[{"href":"https:\/\/cedresstgermain.com\/en\/wp-json\/wp\/v2\/pages"}],"about":[{"href":"https:\/\/cedresstgermain.com\/en\/wp-json\/wp\/v2\/types\/page"}],"author":[{"embeddable":true,"href":"https:\/\/cedresstgermain.com\/en\/wp-json\/wp\/v2\/users\/1"}],"replies":[{"embeddable":true,"href":"https:\/\/cedresstgermain.com\/en\/wp-json\/wp\/v2\/comments?post=141"}],"version-history":[{"count":44,"href":"https:\/\/cedresstgermain.com\/en\/wp-json\/wp\/v2\/pages\/141\/revisions"}],"predecessor-version":[{"id":2157,"href":"https:\/\/cedresstgermain.com\/en\/wp-json\/wp\/v2\/pages\/141\/revisions\/2157"}],"wp:attachment":[{"href":"https:\/\/cedresstgermain.com\/en\/wp-json\/wp\/v2\/media?parent=141"}],"curies":[{"name":"wp","href":"https:\/\/api.w.org\/{rel}","templated":true}]}}