{"id":1376,"date":"2025-03-04T00:40:02","date_gmt":"2025-03-04T00:40:02","guid":{"rendered":"https:\/\/cedresstgermain.com\/?page_id=1376"},"modified":"2025-03-06T20:37:07","modified_gmt":"2025-03-06T20:37:07","slug":"entretien","status":"publish","type":"page","link":"https:\/\/cedresstgermain.com\/en\/entretien\/","title":{"rendered":"Maintenance"},"content":{"rendered":"<div class=\"wp-block-uagb-container uag-blocks-common-selector uagb-layout-flex uagb-block-ff10cdc8 alignfull uagb-is-root-container\"><div class=\"uagb-container-inner-blocks-wrap\">\n<div class=\"wp-block-uagb-advanced-heading uagb-block-830e6177\"><h2 class=\"uagb-heading-text\">Cedar Maintenance<\/h2><\/div>\n\n\n\n<div class=\"wp-block-uagb-advanced-heading uagb-block-0a418461\"><h6 class=\"uagb-heading-text\">You will need to water the cedars with the sprinkler hose that we will install for you using the following method:<br>(Water preferably in the evening, when the sun has set)<br><br>&#8211; Du 1e au 7e jour, arroser pendant 2h chaque soir<br><br>\u2013 From day 7 to day 30, water 3 times a week<br><br>- After the 30th day, water once a week, but make sure to water more if there's a dry period.<br><br>Additionally, during the first year, if any cedars shift out of the ground due to a period of strong wind or other factors, please reposition them as needed and simply pack the soil with your feet (it is important that no roots are visible).<br><br><br><\/h6><\/div>\n<\/div><\/div>\n\n\n\n<p><\/p>","protected":false},"excerpt":{"rendered":"<p>Entretien des c\u00e8dres Vous devrez arrosez les c\u00e8dres avec le tuyau d&rsquo;arrosage gicleur que nous vous installerons avec la m\u00e9thode suivante :(Arrosez pr\u00e9f\u00e9rablement en soir\u00e9e, quand le soleil est couch\u00e9) &#8211; Du 1e au 7e jour, arroser pendant 2h chaque soir &#8211; Du 7e au 30e jour, arroser 3x semaine &#8211; Apr\u00e8s le 30e jour, [&hellip;]<\/p>","protected":false},"author":1,"featured_media":801,"parent":0,"menu_order":0,"comment_status":"closed","ping_status":"closed","template":"","meta":{"_uag_custom_page_level_css":"","site-sidebar-layout":"no-sidebar","site-content-layout":"page-builder","ast-site-content-layout":"full-width-container","site-content-style":"unboxed","site-sidebar-style":"unboxed","ast-global-header-display":"","ast-banner-title-visibility":"","ast-main-header-display":"","ast-hfb-above-header-display":"","ast-hfb-below-header-display":"","ast-hfb-mobile-header-display":"","site-post-title":"disabled","ast-breadcrumbs-content":"","ast-featured-img":"disabled","footer-sml-layout":"","ast-disable-related-posts":"","theme-transparent-header-meta":"disabled","adv-header-id-meta":"","stick-header-meta":"","header-above-stick-meta":"","header-main-stick-meta":"","header-below-stick-meta":"","astra-migrate-meta-layouts":"set","ast-page-background-enabled":"default","ast-page-background-meta":{"desktop":{"background-color":"","background-image":"","background-repeat":"repeat","background-position":"center center","background-size":"auto","background-attachment":"scroll","background-type":"","background-media":"","overlay-type":"","overlay-color":"","overlay-opacity":"","overlay-gradient":""},"tablet":{"background-color":"","background-image":"","background-repeat":"repeat","background-position":"center center","background-size":"auto","background-attachment":"scroll","background-type":"","background-media":"","overlay-type":"","overlay-color":"","overlay-opacity":"","overlay-gradient":""},"mobile":{"background-color":"","background-image":"","background-repeat":"repeat","background-position":"center center","background-size":"auto","background-attachment":"scroll","background-type":"","background-media":"","overlay-type":"","overlay-color":"","overlay-opacity":"","overlay-gradient":""}},"ast-content-background-meta":{"desktop":{"background-color":"var(--ast-global-color-5)","background-image":"","background-repeat":"repeat","background-position":"center center","background-size":"auto","background-attachment":"scroll","background-type":"","background-media":"","overlay-type":"","overlay-color":"","overlay-opacity":"","overlay-gradient":""},"tablet":{"background-color":"var(--ast-global-color-5)","background-image":"","background-repeat":"repeat","background-position":"center center","background-size":"auto","background-attachment":"scroll","background-type":"","background-media":"","overlay-type":"","overlay-color":"","overlay-opacity":"","overlay-gradient":""},"mobile":{"background-color":"var(--ast-global-color-5)","background-image":"","background-repeat":"repeat","background-position":"center center","background-size":"auto","background-attachment":"scroll","background-type":"","background-media":"","overlay-type":"","overlay-color":"","overlay-opacity":"","overlay-gradient":""}},"footnotes":""},"class_list":["post-1376","page","type-page","status-publish","has-post-thumbnail","hentry"],"yoast_head":"<!-- This site is optimized with the Yoast SEO plugin v24.6 - https:\/\/yoast.com\/wordpress\/plugins\/seo\/ -->\n<title>Entretien | cedresstgermain.com<\/title>\n<meta name=\"description\" content=\"C\u00e8dres St-Germain - Votre expert en installation de c\u00e8dres cl\u00e9 en main au meilleur prix!\" \/>\n<meta name=\"robots\" content=\"index, follow, max-snippet:-1, max-image-preview:large, max-video-preview:-1\" \/>\n<link rel=\"canonical\" href=\"https:\/\/cedresstgermain.com\/en\/entretien\/\" \/>\n<meta property=\"og:locale\" content=\"en_US\" \/>\n<meta property=\"og:type\" content=\"article\" \/>\n<meta property=\"og:title\" content=\"Entretien | cedresstgermain.com\" \/>\n<meta property=\"og:description\" content=\"C\u00e8dres St-Germain - Votre expert en installation de c\u00e8dres cl\u00e9 en main au meilleur prix!\" \/>\n<meta property=\"og:url\" content=\"https:\/\/cedresstgermain.com\/en\/entretien\/\" \/>\n<meta property=\"og:site_name\" content=\"cedresstgermain.com\" \/>\n<meta property=\"article:publisher\" content=\"https:\/\/www.facebook.com\/people\/Cdres-St-Germain\/100082336206869\/\" \/>\n<meta property=\"article:modified_time\" content=\"2025-03-06T20:37:07+00:00\" \/>\n<meta property=\"og:image\" content=\"https:\/\/cedresstgermain.com\/wp-content\/uploads\/2025\/03\/354468111_247001798054359_188608834388951057_n-1.jpg\" \/>\n\t<meta property=\"og:image:width\" content=\"1920\" \/>\n\t<meta property=\"og:image:height\" content=\"956\" \/>\n\t<meta property=\"og:image:type\" content=\"image\/jpeg\" \/>\n<meta name=\"twitter:card\" content=\"summary_large_image\" \/>\n<script type=\"application\/ld+json\" class=\"yoast-schema-graph\">{\"@context\":\"https:\/\/schema.org\",\"@graph\":[{\"@type\":\"WebPage\",\"@id\":\"https:\/\/cedresstgermain.com\/entretien\/\",\"url\":\"https:\/\/cedresstgermain.com\/entretien\/\",\"name\":\"Entretien | cedresstgermain.com\",\"isPartOf\":{\"@id\":\"https:\/\/cedresstgermain.com\/#website\"},\"primaryImageOfPage\":{\"@id\":\"https:\/\/cedresstgermain.com\/entretien\/#primaryimage\"},\"image\":{\"@id\":\"https:\/\/cedresstgermain.com\/entretien\/#primaryimage\"},\"thumbnailUrl\":\"https:\/\/cedresstgermain.com\/wp-content\/uploads\/2025\/03\/354468111_247001798054359_188608834388951057_n-1.jpg\",\"datePublished\":\"2025-03-04T00:40:02+00:00\",\"dateModified\":\"2025-03-06T20:37:07+00:00\",\"description\":\"C\u00e8dres St-Germain - Votre expert en installation de c\u00e8dres cl\u00e9 en main au meilleur prix!\",\"breadcrumb\":{\"@id\":\"https:\/\/cedresstgermain.com\/entretien\/#breadcrumb\"},\"inLanguage\":\"en-CA\",\"potentialAction\":[{\"@type\":\"ReadAction\",\"target\":[\"https:\/\/cedresstgermain.com\/entretien\/\"]}]},{\"@type\":\"ImageObject\",\"inLanguage\":\"en-CA\",\"@id\":\"https:\/\/cedresstgermain.com\/entretien\/#primaryimage\",\"url\":\"https:\/\/cedresstgermain.com\/wp-content\/uploads\/2025\/03\/354468111_247001798054359_188608834388951057_n-1.jpg\",\"contentUrl\":\"https:\/\/cedresstgermain.com\/wp-content\/uploads\/2025\/03\/354468111_247001798054359_188608834388951057_n-1.jpg\",\"width\":1920,\"height\":956},{\"@type\":\"BreadcrumbList\",\"@id\":\"https:\/\/cedresstgermain.com\/entretien\/#breadcrumb\",\"itemListElement\":[{\"@type\":\"ListItem\",\"position\":1,\"name\":\"Home\",\"item\":\"https:\/\/cedresstgermain.com\/\"},{\"@type\":\"ListItem\",\"position\":2,\"name\":\"Entretien\"}]},{\"@type\":\"WebSite\",\"@id\":\"https:\/\/cedresstgermain.com\/#website\",\"url\":\"https:\/\/cedresstgermain.com\/\",\"name\":\"cedresstgermain.com\",\"description\":\"C\u00e8dres St-Germain | Installation de c\u00e8dres professionnel\",\"publisher\":{\"@id\":\"https:\/\/cedresstgermain.com\/#organization\"},\"alternateName\":\"Cedres St-Germain\",\"potentialAction\":[{\"@type\":\"SearchAction\",\"target\":{\"@type\":\"EntryPoint\",\"urlTemplate\":\"https:\/\/cedresstgermain.com\/?s={search_term_string}\"},\"query-input\":{\"@type\":\"PropertyValueSpecification\",\"valueRequired\":true,\"valueName\":\"search_term_string\"}}],\"inLanguage\":\"en-CA\"},{\"@type\":\"Organization\",\"@id\":\"https:\/\/cedresstgermain.com\/#organization\",\"name\":\"C\u00e8dres St-Germain\",\"url\":\"https:\/\/cedresstgermain.com\/\",\"logo\":{\"@type\":\"ImageObject\",\"inLanguage\":\"en-CA\",\"@id\":\"https:\/\/cedresstgermain.com\/#\/schema\/logo\/image\/\",\"url\":\"https:\/\/cedresstgermain.com\/wp-content\/uploads\/2025\/03\/cropped-logo-final-2.png\",\"contentUrl\":\"https:\/\/cedresstgermain.com\/wp-content\/uploads\/2025\/03\/cropped-logo-final-2.png\",\"width\":1418,\"height\":300,\"caption\":\"C\u00e8dres St-Germain\"},\"image\":{\"@id\":\"https:\/\/cedresstgermain.com\/#\/schema\/logo\/image\/\"},\"sameAs\":[\"https:\/\/www.facebook.com\/people\/Cdres-St-Germain\/100082336206869\/\"]}]}<\/script>\n<!-- \/ Yoast SEO plugin. -->","yoast_head_json":{"title":"Entretien | cedresstgermain.com","description":"C\u00e8dres St-Germain - Votre expert en installation de c\u00e8dres cl\u00e9 en main au meilleur prix!","robots":{"index":"index","follow":"follow","max-snippet":"max-snippet:-1","max-image-preview":"max-image-preview:large","max-video-preview":"max-video-preview:-1"},"canonical":"https:\/\/cedresstgermain.com\/en\/entretien\/","og_locale":"en_US","og_type":"article","og_title":"Entretien | cedresstgermain.com","og_description":"C\u00e8dres St-Germain - Votre expert en installation de c\u00e8dres cl\u00e9 en main au meilleur prix!","og_url":"https:\/\/cedresstgermain.com\/en\/entretien\/","og_site_name":"cedresstgermain.com","article_publisher":"https:\/\/www.facebook.com\/people\/Cdres-St-Germain\/100082336206869\/","article_modified_time":"2025-03-06T20:37:07+00:00","og_image":[{"width":1920,"height":956,"url":"https:\/\/cedresstgermain.com\/wp-content\/uploads\/2025\/03\/354468111_247001798054359_188608834388951057_n-1.jpg","type":"image\/jpeg"}],"twitter_card":"summary_large_image","schema":{"@context":"https:\/\/schema.org","@graph":[{"@type":"WebPage","@id":"https:\/\/cedresstgermain.com\/entretien\/","url":"https:\/\/cedresstgermain.com\/entretien\/","name":"Entretien | cedresstgermain.com","isPartOf":{"@id":"https:\/\/cedresstgermain.com\/#website"},"primaryImageOfPage":{"@id":"https:\/\/cedresstgermain.com\/entretien\/#primaryimage"},"image":{"@id":"https:\/\/cedresstgermain.com\/entretien\/#primaryimage"},"thumbnailUrl":"https:\/\/cedresstgermain.com\/wp-content\/uploads\/2025\/03\/354468111_247001798054359_188608834388951057_n-1.jpg","datePublished":"2025-03-04T00:40:02+00:00","dateModified":"2025-03-06T20:37:07+00:00","description":"C\u00e8dres St-Germain - Votre expert en installation de c\u00e8dres cl\u00e9 en main au meilleur prix!","breadcrumb":{"@id":"https:\/\/cedresstgermain.com\/entretien\/#breadcrumb"},"inLanguage":"en-CA","potentialAction":[{"@type":"ReadAction","target":["https:\/\/cedresstgermain.com\/entretien\/"]}]},{"@type":"ImageObject","inLanguage":"en-CA","@id":"https:\/\/cedresstgermain.com\/entretien\/#primaryimage","url":"https:\/\/cedresstgermain.com\/wp-content\/uploads\/2025\/03\/354468111_247001798054359_188608834388951057_n-1.jpg","contentUrl":"https:\/\/cedresstgermain.com\/wp-content\/uploads\/2025\/03\/354468111_247001798054359_188608834388951057_n-1.jpg","width":1920,"height":956},{"@type":"BreadcrumbList","@id":"https:\/\/cedresstgermain.com\/entretien\/#breadcrumb","itemListElement":[{"@type":"ListItem","position":1,"name":"Home","item":"https:\/\/cedresstgermain.com\/"},{"@type":"ListItem","position":2,"name":"Entretien"}]},{"@type":"WebSite","@id":"https:\/\/cedresstgermain.com\/#website","url":"https:\/\/cedresstgermain.com\/","name":"cedresstgermain.com","description":"C\u00e8dres St-Germain | Installation de c\u00e8dres professionnel","publisher":{"@id":"https:\/\/cedresstgermain.com\/#organization"},"alternateName":"Cedres St-Germain","potentialAction":[{"@type":"SearchAction","target":{"@type":"EntryPoint","urlTemplate":"https:\/\/cedresstgermain.com\/?s={search_term_string}"},"query-input":{"@type":"PropertyValueSpecification","valueRequired":true,"valueName":"search_term_string"}}],"inLanguage":"en-CA"},{"@type":"Organization","@id":"https:\/\/cedresstgermain.com\/#organization","name":"C\u00e8dres St-Germain","url":"https:\/\/cedresstgermain.com\/","logo":{"@type":"ImageObject","inLanguage":"en-CA","@id":"https:\/\/cedresstgermain.com\/#\/schema\/logo\/image\/","url":"https:\/\/cedresstgermain.com\/wp-content\/uploads\/2025\/03\/cropped-logo-final-2.png","contentUrl":"https:\/\/cedresstgermain.com\/wp-content\/uploads\/2025\/03\/cropped-logo-final-2.png","width":1418,"height":300,"caption":"C\u00e8dres St-Germain"},"image":{"@id":"https:\/\/cedresstgermain.com\/#\/schema\/logo\/image\/"},"sameAs":["https:\/\/www.facebook.com\/people\/Cdres-St-Germain\/100082336206869\/"]}]}},"uagb_featured_image_src":{"full":["https:\/\/cedresstgermain.com\/wp-content\/uploads\/2025\/03\/354468111_247001798054359_188608834388951057_n-1.jpg",1920,956,false],"thumbnail":["https:\/\/cedresstgermain.com\/wp-content\/uploads\/2025\/03\/354468111_247001798054359_188608834388951057_n-1-150x150.jpg",150,150,true],"medium":["https:\/\/cedresstgermain.com\/wp-content\/uploads\/2025\/03\/354468111_247001798054359_188608834388951057_n-1-300x149.jpg",300,149,true],"medium_large":["https:\/\/cedresstgermain.com\/wp-content\/uploads\/2025\/03\/354468111_247001798054359_188608834388951057_n-1-768x382.jpg",768,382,true],"large":["https:\/\/cedresstgermain.com\/wp-content\/uploads\/2025\/03\/354468111_247001798054359_188608834388951057_n-1-1024x510.jpg",1024,510,true],"1536x1536":["https:\/\/cedresstgermain.com\/wp-content\/uploads\/2025\/03\/354468111_247001798054359_188608834388951057_n-1-1536x765.jpg",1536,765,true],"2048x2048":["https:\/\/cedresstgermain.com\/wp-content\/uploads\/2025\/03\/354468111_247001798054359_188608834388951057_n-1.jpg",1920,956,false],"trp-custom-language-flag":["https:\/\/cedresstgermain.com\/wp-content\/uploads\/2025\/03\/354468111_247001798054359_188608834388951057_n-1.jpg",18,9,false]},"uagb_author_info":{"display_name":"cedresstgermain@gmail.com","author_link":"https:\/\/cedresstgermain.com\/en\/author\/cedresstgermaingmail-com\/"},"uagb_comment_info":0,"uagb_excerpt":"Entretien des c\u00e8dres Vous devrez arrosez les c\u00e8dres avec le tuyau d&rsquo;arrosage gicleur que nous vous installerons avec la m\u00e9thode suivante :(Arrosez pr\u00e9f\u00e9rablement en soir\u00e9e, quand le soleil est couch\u00e9) &#8211; Du 1e au 7e jour, arroser pendant 2h chaque soir &#8211; Du 7e au 30e jour, arroser 3x semaine &#8211; Apr\u00e8s le 30e jour,&hellip;","_links":{"self":[{"href":"https:\/\/cedresstgermain.com\/en\/wp-json\/wp\/v2\/pages\/1376","targetHints":{"allow":["GET"]}}],"collection":[{"href":"https:\/\/cedresstgermain.com\/en\/wp-json\/wp\/v2\/pages"}],"about":[{"href":"https:\/\/cedresstgermain.com\/en\/wp-json\/wp\/v2\/types\/page"}],"author":[{"embeddable":true,"href":"https:\/\/cedresstgermain.com\/en\/wp-json\/wp\/v2\/users\/1"}],"replies":[{"embeddable":true,"href":"https:\/\/cedresstgermain.com\/en\/wp-json\/wp\/v2\/comments?post=1376"}],"version-history":[{"count":19,"href":"https:\/\/cedresstgermain.com\/en\/wp-json\/wp\/v2\/pages\/1376\/revisions"}],"predecessor-version":[{"id":1781,"href":"https:\/\/cedresstgermain.com\/en\/wp-json\/wp\/v2\/pages\/1376\/revisions\/1781"}],"wp:featuredmedia":[{"embeddable":true,"href":"https:\/\/cedresstgermain.com\/en\/wp-json\/wp\/v2\/media\/801"}],"wp:attachment":[{"href":"https:\/\/cedresstgermain.com\/en\/wp-json\/wp\/v2\/media?parent=1376"}],"curies":[{"name":"wp","href":"https:\/\/api.w.org\/{rel}","templated":true}]}}