{"id":135,"date":"2025-03-02T19:05:15","date_gmt":"2025-03-02T19:05:15","guid":{"rendered":"http:\/\/cedresstgermain.com\/home\/"},"modified":"2026-02-11T19:36:31","modified_gmt":"2026-02-12T00:36:31","slug":"nos-services","status":"publish","type":"page","link":"https:\/\/cedresstgermain.com\/en\/nos-services\/","title":{"rendered":"Our Services"},"content":{"rendered":"<div class=\"wp-block-uagb-container uag-blocks-common-selector uagb-layout-flex uagb-block-ff10cdc8 alignfull uagb-is-root-container\"><div class=\"uagb-container-inner-blocks-wrap\">\n<div class=\"wp-block-uagb-advanced-heading uagb-block-830e6177\"><h2 class=\"uagb-heading-text\">Our Services<\/h2><\/div>\n\n\n\n<div class=\"wp-block-uagb-advanced-heading uagb-block-7a2f4d56\"><h6 class=\"uagb-heading-text\">Nous nous occupons de tout\u00a0: <br> &#8211; Plantation<br> &#8211; Fertilisation<br> &#8211; Installations des syst\u00e8mes d&rsquo;irrigations<br>&#8211; Taille et rabattage de c\u00e8dres<\/h6><\/div>\n\n\n\n<p><br><br>Pour mener votre projet \u00e0 bien, nous pouvons notamment\u00a0:<br> &#8211; Couper des arbres\/arbustes\/racines<br> &#8211; D\u00e9placer des roches<br> &#8211; Effectuer tout autre travail requis pour l&rsquo;installation<br><br>All you\u2019ll have to do is turn on the water and admire your beautiful cedars!<br><br><br>Les c\u00e8dres sont garantis 1 an (exclusions de la garantie\u00a0: feu, inondation, tornade, n\u00e9gligence, etc &#8230;)<br><br><br>Bien que situ\u00e9s \u00e0 Saint-Eustache, nous nous d\u00e9pla\u00e7ons presque partout! Si vous avez un doute, envoyez-nous une demande de soumission avec votre adresse pour confirmer.<br><br>We're looking forward to working with you!<br><\/p>\n\n\n<div id=\"wpgmza_map\" class=\"wpgmza_map\" data-settings='{\"id\":\"1\",\"map_title\":\"C\\u00e8dres\",\"map_width\":\"100\",\"map_height\":\"400\",\"map_start_lat\":\"45.56553539905107\",\"map_start_lng\":\"-73.92470515095093\",\"map_start_location\":\"45.950464398418106,-109.81550500000003\",\"map_start_zoom\":\"8\",\"default_marker\":\"\",\"type\":\"1\",\"alignment\":\"4\",\"directions_enabled\":\"0\",\"styling_enabled\":\"0\",\"styling_json\":\"\",\"active\":\"0\",\"kml\":\"\",\"bicycle\":\"0\",\"traffic\":\"0\",\"dbox\":\"0\",\"dbox_width\":\"\",\"listmarkers\":\"0\",\"listmarkers_advanced\":\"0\",\"filterbycat\":\"0\",\"ugm_enabled\":\"0\",\"ugm_category_enabled\":\"0\",\"fusion\":\"\",\"map_width_type\":\"%\",\"map_height_type\":\"px\",\"mass_marker_support\":\"0\",\"ugm_access\":\"0\",\"order_markers_by\":\"0\",\"order_markers_choice\":\"0\",\"show_user_location\":\"0\",\"default_to\":\"\",\"other_settings\":{\"map_type\":1,\"sl_stroke_color\":\"\",\"sl_fill_color\":\"\",\"sl_stroke_opacity\":\"\",\"sl_fill_opacity\":\"\",\"transport_layer\":false,\"action\":\"wpgmza_save_map\",\"redirect_to\":\"\\\/wp-admin\\\/admin-post.php\",\"map_id\":\"1\",\"http_referer\":\"\\\/wp-admin\\\/admin.php?page=wp-google-maps-menu&amp;amp;action=edit&amp;amp;map_id=1\",\"wpgmza_id\":\"1\",\"wpgmza_start_location\":\"45.56553539905107,-73.92470515095093\",\"wpgmza_start_zoom\":\"8\",\"wpgmza_theme_data\":\"\",\"store_locator_enabled\":false,\"store_locator_search_area\":\"radial\",\"wpgmza_store_locator_radius_style\":\"legacy\",\"wpgmza_store_locator_default_radius\":\"10\",\"store_locator_auto_area_max_zoom\":\"\",\"store_locator_distance\":false,\"wpgmza_store_locator_position\":false,\"store_locator_show_distance\":false,\"store_locator_category\":false,\"wpgmza_store_locator_use_their_location\":false,\"wpgmza_store_locator_bounce\":false,\"wpgmza_sl_animation\":null,\"wpgmza_store_locator_hide_before_search\":false,\"store_locator_query_string\":\"\",\"store_locator_location_placeholder\":\"\",\"store_locator_default_address\":\"\",\"store_locator_name_search\":false,\"store_locator_name_string\":\"\",\"store_locator_not_found_message\":\"\",\"wpgmza_map_align\":\"1\",\"jump_to_nearest_marker_on_initialization\":false,\"automatically_pan_to_users_location\":false,\"override_users_location_zoom_level\":false,\"override_users_location_zoom_levels\":\"\",\"show_distance_from_location\":false,\"map_max_zoom\":\"21\",\"map_min_zoom\":\"0\",\"click_open_link\":false,\"fit_maps_bounds_to_markers\":false,\"fit_maps_bounds_to_markers_after_filtering\":false,\"hide_point_of_interest\":false,\"wpgmza_zoom_on_marker_click\":false,\"wpgmza_zoom_on_marker_click_slider\":\"\",\"close_infowindow_on_map_click\":false,\"disable_lightbox_images\":false,\"use_Raw_Jpeg_Coordinates\":false,\"polygon_labels\":false,\"disable_polygon_info_windows\":false,\"enable_marker_ratings\":false,\"enable_marker_labels\":false,\"only_load_markers_within_viewport\":false,\"zoom_level_mobile_override_enabled\":false,\"zoom_level_mobile_override\":\"\",\"iw_primary_color\":\"#000000\",\"iw_accent_color\":\"#000000\",\"iw_text_color\":\"#000000\",\"wpgmza_listmarkers_by\":\"0\",\"wpgmza_marker_listing_position\":false,\"wpgmza_push_in_map\":false,\"wpgmza_push_in_map_placement\":null,\"wpgmza_push_in_map_width\":\"\",\"wpgmza_push_in_map_height\":\"\",\"zoom_level_on_marker_listing_override\":false,\"zoom_level_on_marker_listing_click\":\"\",\"marker_listing_disable_zoom\":false,\"datatable_no_result_message\":\"\",\"remove_search_box_datables\":false,\"dataTable_pagination_style\":null,\"datatable_search_string\":\"\",\"datatable_result_start\":\"\",\"datatable_result_of\":\"\",\"datatable_result_to\":\"\",\"datatable_result_total\":\"\",\"datatable_result_show\":\"\",\"datatable_result_entries\":\"\",\"wpgmza_savemap\":\"Save Map \\u00bb\"}}' data-map-id='1' data-maps-engine='open-layers' data-shortcode-attributes='{\"id\":\"1\"}' style=\"display:block; overflow:auto; width:100%; height:400px; float:left;\"><\/div>\n<\/div><\/div>\n\n\n\n<p><\/p>","protected":false},"excerpt":{"rendered":"<p>Nos services Nous nous occupons de tout\u00a0: &#8211; Plantation &#8211; Fertilisation &#8211; Installations des syst\u00e8mes d&rsquo;irrigations&#8211; Taille et rabattage de c\u00e8dres Pour mener votre projet \u00e0 bien, nous pouvons notamment\u00a0: &#8211; Couper des arbres\/arbustes\/racines &#8211; D\u00e9placer des roches &#8211; Effectuer tout autre travail requis pour l&rsquo;installation Vous n\u2019aurez plus qu\u2019\u00e0 ouvrir l\u2019eau et admirer vos [&hellip;]<\/p>","protected":false},"author":1,"featured_media":801,"parent":0,"menu_order":0,"comment_status":"closed","ping_status":"closed","template":"","meta":{"_uag_custom_page_level_css":"","site-sidebar-layout":"no-sidebar","site-content-layout":"page-builder","ast-site-content-layout":"full-width-container","site-content-style":"unboxed","site-sidebar-style":"unboxed","ast-global-header-display":"","ast-banner-title-visibility":"","ast-main-header-display":"","ast-hfb-above-header-display":"","ast-hfb-below-header-display":"","ast-hfb-mobile-header-display":"","site-post-title":"disabled","ast-breadcrumbs-content":"","ast-featured-img":"disabled","footer-sml-layout":"","ast-disable-related-posts":"","theme-transparent-header-meta":"disabled","adv-header-id-meta":"","stick-header-meta":"","header-above-stick-meta":"","header-main-stick-meta":"","header-below-stick-meta":"","astra-migrate-meta-layouts":"set","ast-page-background-enabled":"default","ast-page-background-meta":{"desktop":{"background-color":"","background-image":"","background-repeat":"repeat","background-position":"center center","background-size":"auto","background-attachment":"scroll","background-type":"","background-media":"","overlay-type":"","overlay-color":"","overlay-opacity":"","overlay-gradient":""},"tablet":{"background-color":"","background-image":"","background-repeat":"repeat","background-position":"center center","background-size":"auto","background-attachment":"scroll","background-type":"","background-media":"","overlay-type":"","overlay-color":"","overlay-opacity":"","overlay-gradient":""},"mobile":{"background-color":"","background-image":"","background-repeat":"repeat","background-position":"center center","background-size":"auto","background-attachment":"scroll","background-type":"","background-media":"","overlay-type":"","overlay-color":"","overlay-opacity":"","overlay-gradient":""}},"ast-content-background-meta":{"desktop":{"background-color":"var(--ast-global-color-5)","background-image":"","background-repeat":"repeat","background-position":"center center","background-size":"auto","background-attachment":"scroll","background-type":"","background-media":"","overlay-type":"","overlay-color":"","overlay-opacity":"","overlay-gradient":""},"tablet":{"background-color":"var(--ast-global-color-5)","background-image":"","background-repeat":"repeat","background-position":"center center","background-size":"auto","background-attachment":"scroll","background-type":"","background-media":"","overlay-type":"","overlay-color":"","overlay-opacity":"","overlay-gradient":""},"mobile":{"background-color":"var(--ast-global-color-5)","background-image":"","background-repeat":"repeat","background-position":"center center","background-size":"auto","background-attachment":"scroll","background-type":"","background-media":"","overlay-type":"","overlay-color":"","overlay-opacity":"","overlay-gradient":""}},"footnotes":""},"class_list":["post-135","page","type-page","status-publish","has-post-thumbnail","hentry"],"yoast_head":"<!-- This site is optimized with the Yoast SEO plugin v24.6 - https:\/\/yoast.com\/wordpress\/plugins\/seo\/ -->\n<title>Nos services | cedresstgermain.com<\/title>\n<meta name=\"description\" content=\"C\u00e8dres St-Germain - Votre expert en installation de c\u00e8dres cl\u00e9 en main au meilleur prix!\" \/>\n<meta name=\"robots\" content=\"index, follow, max-snippet:-1, max-image-preview:large, max-video-preview:-1\" \/>\n<link rel=\"canonical\" href=\"https:\/\/cedresstgermain.com\/en\/nos-services\/\" \/>\n<meta property=\"og:locale\" content=\"en_US\" \/>\n<meta property=\"og:type\" content=\"article\" \/>\n<meta property=\"og:title\" content=\"Nos services | cedresstgermain.com\" \/>\n<meta property=\"og:description\" content=\"C\u00e8dres St-Germain - Votre expert en installation de c\u00e8dres cl\u00e9 en main au meilleur prix!\" \/>\n<meta property=\"og:url\" content=\"https:\/\/cedresstgermain.com\/en\/nos-services\/\" \/>\n<meta property=\"og:site_name\" content=\"cedresstgermain.com\" \/>\n<meta property=\"article:publisher\" content=\"https:\/\/www.facebook.com\/people\/Cdres-St-Germain\/100082336206869\/\" \/>\n<meta property=\"article:modified_time\" content=\"2026-02-12T00:36:31+00:00\" \/>\n<meta property=\"og:image\" content=\"https:\/\/cedresstgermain.com\/wp-content\/uploads\/2025\/03\/354468111_247001798054359_188608834388951057_n-1.jpg\" \/>\n\t<meta property=\"og:image:width\" content=\"1920\" \/>\n\t<meta property=\"og:image:height\" content=\"956\" \/>\n\t<meta property=\"og:image:type\" content=\"image\/jpeg\" \/>\n<meta name=\"twitter:card\" content=\"summary_large_image\" \/>\n<script type=\"application\/ld+json\" class=\"yoast-schema-graph\">{\"@context\":\"https:\/\/schema.org\",\"@graph\":[{\"@type\":\"WebPage\",\"@id\":\"https:\/\/cedresstgermain.com\/nos-services\/\",\"url\":\"https:\/\/cedresstgermain.com\/nos-services\/\",\"name\":\"Nos services | cedresstgermain.com\",\"isPartOf\":{\"@id\":\"https:\/\/cedresstgermain.com\/#website\"},\"primaryImageOfPage\":{\"@id\":\"https:\/\/cedresstgermain.com\/nos-services\/#primaryimage\"},\"image\":{\"@id\":\"https:\/\/cedresstgermain.com\/nos-services\/#primaryimage\"},\"thumbnailUrl\":\"https:\/\/cedresstgermain.com\/wp-content\/uploads\/2025\/03\/354468111_247001798054359_188608834388951057_n-1.jpg\",\"datePublished\":\"2025-03-02T19:05:15+00:00\",\"dateModified\":\"2026-02-12T00:36:31+00:00\",\"description\":\"C\u00e8dres St-Germain - Votre expert en installation de c\u00e8dres cl\u00e9 en main au meilleur prix!\",\"breadcrumb\":{\"@id\":\"https:\/\/cedresstgermain.com\/nos-services\/#breadcrumb\"},\"inLanguage\":\"en-CA\",\"potentialAction\":[{\"@type\":\"ReadAction\",\"target\":[\"https:\/\/cedresstgermain.com\/nos-services\/\"]}]},{\"@type\":\"ImageObject\",\"inLanguage\":\"en-CA\",\"@id\":\"https:\/\/cedresstgermain.com\/nos-services\/#primaryimage\",\"url\":\"https:\/\/cedresstgermain.com\/wp-content\/uploads\/2025\/03\/354468111_247001798054359_188608834388951057_n-1.jpg\",\"contentUrl\":\"https:\/\/cedresstgermain.com\/wp-content\/uploads\/2025\/03\/354468111_247001798054359_188608834388951057_n-1.jpg\",\"width\":1920,\"height\":956},{\"@type\":\"BreadcrumbList\",\"@id\":\"https:\/\/cedresstgermain.com\/nos-services\/#breadcrumb\",\"itemListElement\":[{\"@type\":\"ListItem\",\"position\":1,\"name\":\"Home\",\"item\":\"https:\/\/cedresstgermain.com\/\"},{\"@type\":\"ListItem\",\"position\":2,\"name\":\"Nos services\"}]},{\"@type\":\"WebSite\",\"@id\":\"https:\/\/cedresstgermain.com\/#website\",\"url\":\"https:\/\/cedresstgermain.com\/\",\"name\":\"cedresstgermain.com\",\"description\":\"C\u00e8dres St-Germain | Installation de c\u00e8dres professionnel\",\"publisher\":{\"@id\":\"https:\/\/cedresstgermain.com\/#organization\"},\"alternateName\":\"Cedres St-Germain\",\"potentialAction\":[{\"@type\":\"SearchAction\",\"target\":{\"@type\":\"EntryPoint\",\"urlTemplate\":\"https:\/\/cedresstgermain.com\/?s={search_term_string}\"},\"query-input\":{\"@type\":\"PropertyValueSpecification\",\"valueRequired\":true,\"valueName\":\"search_term_string\"}}],\"inLanguage\":\"en-CA\"},{\"@type\":\"Organization\",\"@id\":\"https:\/\/cedresstgermain.com\/#organization\",\"name\":\"C\u00e8dres St-Germain\",\"url\":\"https:\/\/cedresstgermain.com\/\",\"logo\":{\"@type\":\"ImageObject\",\"inLanguage\":\"en-CA\",\"@id\":\"https:\/\/cedresstgermain.com\/#\/schema\/logo\/image\/\",\"url\":\"https:\/\/cedresstgermain.com\/wp-content\/uploads\/2025\/03\/cropped-logo-final-2.png\",\"contentUrl\":\"https:\/\/cedresstgermain.com\/wp-content\/uploads\/2025\/03\/cropped-logo-final-2.png\",\"width\":1418,\"height\":300,\"caption\":\"C\u00e8dres St-Germain\"},\"image\":{\"@id\":\"https:\/\/cedresstgermain.com\/#\/schema\/logo\/image\/\"},\"sameAs\":[\"https:\/\/www.facebook.com\/people\/Cdres-St-Germain\/100082336206869\/\"]}]}<\/script>\n<!-- \/ Yoast SEO plugin. -->","yoast_head_json":{"title":"Nos services | cedresstgermain.com","description":"C\u00e8dres St-Germain - Votre expert en installation de c\u00e8dres cl\u00e9 en main au meilleur prix!","robots":{"index":"index","follow":"follow","max-snippet":"max-snippet:-1","max-image-preview":"max-image-preview:large","max-video-preview":"max-video-preview:-1"},"canonical":"https:\/\/cedresstgermain.com\/en\/nos-services\/","og_locale":"en_US","og_type":"article","og_title":"Nos services | cedresstgermain.com","og_description":"C\u00e8dres St-Germain - Votre expert en installation de c\u00e8dres cl\u00e9 en main au meilleur prix!","og_url":"https:\/\/cedresstgermain.com\/en\/nos-services\/","og_site_name":"cedresstgermain.com","article_publisher":"https:\/\/www.facebook.com\/people\/Cdres-St-Germain\/100082336206869\/","article_modified_time":"2026-02-12T00:36:31+00:00","og_image":[{"width":1920,"height":956,"url":"https:\/\/cedresstgermain.com\/wp-content\/uploads\/2025\/03\/354468111_247001798054359_188608834388951057_n-1.jpg","type":"image\/jpeg"}],"twitter_card":"summary_large_image","schema":{"@context":"https:\/\/schema.org","@graph":[{"@type":"WebPage","@id":"https:\/\/cedresstgermain.com\/nos-services\/","url":"https:\/\/cedresstgermain.com\/nos-services\/","name":"Nos services | cedresstgermain.com","isPartOf":{"@id":"https:\/\/cedresstgermain.com\/#website"},"primaryImageOfPage":{"@id":"https:\/\/cedresstgermain.com\/nos-services\/#primaryimage"},"image":{"@id":"https:\/\/cedresstgermain.com\/nos-services\/#primaryimage"},"thumbnailUrl":"https:\/\/cedresstgermain.com\/wp-content\/uploads\/2025\/03\/354468111_247001798054359_188608834388951057_n-1.jpg","datePublished":"2025-03-02T19:05:15+00:00","dateModified":"2026-02-12T00:36:31+00:00","description":"C\u00e8dres St-Germain - Votre expert en installation de c\u00e8dres cl\u00e9 en main au meilleur prix!","breadcrumb":{"@id":"https:\/\/cedresstgermain.com\/nos-services\/#breadcrumb"},"inLanguage":"en-CA","potentialAction":[{"@type":"ReadAction","target":["https:\/\/cedresstgermain.com\/nos-services\/"]}]},{"@type":"ImageObject","inLanguage":"en-CA","@id":"https:\/\/cedresstgermain.com\/nos-services\/#primaryimage","url":"https:\/\/cedresstgermain.com\/wp-content\/uploads\/2025\/03\/354468111_247001798054359_188608834388951057_n-1.jpg","contentUrl":"https:\/\/cedresstgermain.com\/wp-content\/uploads\/2025\/03\/354468111_247001798054359_188608834388951057_n-1.jpg","width":1920,"height":956},{"@type":"BreadcrumbList","@id":"https:\/\/cedresstgermain.com\/nos-services\/#breadcrumb","itemListElement":[{"@type":"ListItem","position":1,"name":"Home","item":"https:\/\/cedresstgermain.com\/"},{"@type":"ListItem","position":2,"name":"Nos services"}]},{"@type":"WebSite","@id":"https:\/\/cedresstgermain.com\/#website","url":"https:\/\/cedresstgermain.com\/","name":"cedresstgermain.com","description":"C\u00e8dres St-Germain | Installation de c\u00e8dres professionnel","publisher":{"@id":"https:\/\/cedresstgermain.com\/#organization"},"alternateName":"Cedres St-Germain","potentialAction":[{"@type":"SearchAction","target":{"@type":"EntryPoint","urlTemplate":"https:\/\/cedresstgermain.com\/?s={search_term_string}"},"query-input":{"@type":"PropertyValueSpecification","valueRequired":true,"valueName":"search_term_string"}}],"inLanguage":"en-CA"},{"@type":"Organization","@id":"https:\/\/cedresstgermain.com\/#organization","name":"C\u00e8dres St-Germain","url":"https:\/\/cedresstgermain.com\/","logo":{"@type":"ImageObject","inLanguage":"en-CA","@id":"https:\/\/cedresstgermain.com\/#\/schema\/logo\/image\/","url":"https:\/\/cedresstgermain.com\/wp-content\/uploads\/2025\/03\/cropped-logo-final-2.png","contentUrl":"https:\/\/cedresstgermain.com\/wp-content\/uploads\/2025\/03\/cropped-logo-final-2.png","width":1418,"height":300,"caption":"C\u00e8dres St-Germain"},"image":{"@id":"https:\/\/cedresstgermain.com\/#\/schema\/logo\/image\/"},"sameAs":["https:\/\/www.facebook.com\/people\/Cdres-St-Germain\/100082336206869\/"]}]}},"uagb_featured_image_src":{"full":["https:\/\/cedresstgermain.com\/wp-content\/uploads\/2025\/03\/354468111_247001798054359_188608834388951057_n-1.jpg",1920,956,false],"thumbnail":["https:\/\/cedresstgermain.com\/wp-content\/uploads\/2025\/03\/354468111_247001798054359_188608834388951057_n-1-150x150.jpg",150,150,true],"medium":["https:\/\/cedresstgermain.com\/wp-content\/uploads\/2025\/03\/354468111_247001798054359_188608834388951057_n-1-300x149.jpg",300,149,true],"medium_large":["https:\/\/cedresstgermain.com\/wp-content\/uploads\/2025\/03\/354468111_247001798054359_188608834388951057_n-1-768x382.jpg",768,382,true],"large":["https:\/\/cedresstgermain.com\/wp-content\/uploads\/2025\/03\/354468111_247001798054359_188608834388951057_n-1-1024x510.jpg",1024,510,true],"1536x1536":["https:\/\/cedresstgermain.com\/wp-content\/uploads\/2025\/03\/354468111_247001798054359_188608834388951057_n-1-1536x765.jpg",1536,765,true],"2048x2048":["https:\/\/cedresstgermain.com\/wp-content\/uploads\/2025\/03\/354468111_247001798054359_188608834388951057_n-1.jpg",1920,956,false],"trp-custom-language-flag":["https:\/\/cedresstgermain.com\/wp-content\/uploads\/2025\/03\/354468111_247001798054359_188608834388951057_n-1.jpg",18,9,false]},"uagb_author_info":{"display_name":"cedresstgermain@gmail.com","author_link":"https:\/\/cedresstgermain.com\/en\/author\/cedresstgermaingmail-com\/"},"uagb_comment_info":0,"uagb_excerpt":"Nos services Nous nous occupons de tout\u00a0: &#8211; Plantation &#8211; Fertilisation &#8211; Installations des syst\u00e8mes d&rsquo;irrigations&#8211; Taille et rabattage de c\u00e8dres Pour mener votre projet \u00e0 bien, nous pouvons notamment\u00a0: &#8211; Couper des arbres\/arbustes\/racines &#8211; D\u00e9placer des roches &#8211; Effectuer tout autre travail requis pour l&rsquo;installation Vous n\u2019aurez plus qu\u2019\u00e0 ouvrir l\u2019eau et admirer vos&hellip;","_links":{"self":[{"href":"https:\/\/cedresstgermain.com\/en\/wp-json\/wp\/v2\/pages\/135","targetHints":{"allow":["GET"]}}],"collection":[{"href":"https:\/\/cedresstgermain.com\/en\/wp-json\/wp\/v2\/pages"}],"about":[{"href":"https:\/\/cedresstgermain.com\/en\/wp-json\/wp\/v2\/types\/page"}],"author":[{"embeddable":true,"href":"https:\/\/cedresstgermain.com\/en\/wp-json\/wp\/v2\/users\/1"}],"replies":[{"embeddable":true,"href":"https:\/\/cedresstgermain.com\/en\/wp-json\/wp\/v2\/comments?post=135"}],"version-history":[{"count":65,"href":"https:\/\/cedresstgermain.com\/en\/wp-json\/wp\/v2\/pages\/135\/revisions"}],"predecessor-version":[{"id":2156,"href":"https:\/\/cedresstgermain.com\/en\/wp-json\/wp\/v2\/pages\/135\/revisions\/2156"}],"wp:featuredmedia":[{"embeddable":true,"href":"https:\/\/cedresstgermain.com\/en\/wp-json\/wp\/v2\/media\/801"}],"wp:attachment":[{"href":"https:\/\/cedresstgermain.com\/en\/wp-json\/wp\/v2\/media?parent=135"}],"curies":[{"name":"wp","href":"https:\/\/api.w.org\/{rel}","templated":true}]}}